{"id":189,"date":"2014-05-21T04:05:45","date_gmt":"2014-05-21T04:05:45","guid":{"rendered":"http:\/\/pexetothemes.com\/demos\/story_wp\/?page_id=189"},"modified":"2017-05-16T12:23:35","modified_gmt":"2017-05-16T10:23:35","slug":"premi-e-certificazioni","status":"publish","type":"page","link":"https:\/\/www.aiphone.it\/aiphone-jo\/premi-e-certificazioni\/","title":{"rendered":"Premi e certificazioni"},"content":{"rendered":"<p style=\"text-align: center;\"><span style=\"font-weight: 400;\">L\u2019affidabilit\u00e0 di Aiphone \u00e8 garantita da importanti riconoscimenti internazionali<br \/>\nassegnati nel corso degli anni all\u2019azienda per gli elevati standard qualitativi e il design unico dei propri prodotti. <\/span><\/p>\n<h2 style=\"text-align: center;\">CERTIFICAZIONI<\/h2>\n<div class=\"services-wrapper services-boxed-photo cols-wrapper cols-2 pexeto-parallax\"><div class=\"services-box col\"><div class=\"img-container\"><img decoding=\"async\" src=\"http:\/\/www.aiphone.it\/wp-content\/uploads\/2017\/03\/cert-iso9001-1-569x379.jpg\" alt=\"Certificazione ISO 9001\"\/><\/div><div class=\"services-content\"><div class=\"sc-wraper\"><h3>Certificazione ISO 9001<\/h3><p>Aiphone \u00e8 stato il primo produttore di sistemi intercom a livello mondiale a ricevere la certificazione ISO 9001, garanzia indiscussa di elevata qualit\u00e0. \r\n\r\nL\u2019 International Organization for Standardization (ISO), ha premiato Aiphone per le linee guida sulla progettazione e lo sviluppo, la produzione, l'ispezione e il collaudo.\r\n\r\nUn ulteriore testimonianza dell'eccellente qualit\u00e0 dei prodotti a marchio Aiphone, progettati per soddisfare le esigenze del cliente e per durare nel tempo.<\/p><\/div><\/div><\/div><div class=\"services-box col nomargin\"><div class=\"img-container\"><img decoding=\"async\" src=\"http:\/\/www.aiphone.it\/wp-content\/uploads\/2017\/03\/cert-iso14001-1-569x379.jpg\" alt=\"Certificazione ISO 14001\"\/><\/div><div class=\"services-content\"><div class=\"sc-wraper\"><h3>Certificazione ISO 14001<\/h3><p>In base alla filosofia aziendale - \u201cSii Responsabile per il tuo lavoro e non causare problemi agli altri\u201d - Aiphone opera nel completo rispetto dell\u2019ambiente, come dimostra la certificazione ISO 14001 che ha ottenuto nel 1999 per l\u2019impegno adeguato e costante nel tenere sotto controllo gli impatti ambientali. \r\nTutti i prodotti Aiphone, inoltre, soddisfano le direttive RoHS (2002\/95\/EC), perch\u00e9 composti da materiali non dannosi per l'ambiente.<\/p><\/div><\/div><\/div><div class=\"clear\"><\/div><\/div>\n<h2 style=\"text-align: center;\">PREMI<\/h2>\n<div class=\"services-wrapper services-icon cols-wrapper cols-2\"><div class=\"services-box col\"><div class=\"img-container\"><img decoding=\"async\" src=\"http:\/\/www.aiphone.it\/wp-content\/uploads\/2017\/03\/premio-demin-1-130x130.jpg\" alt=\"Deming Prize\"\/><\/div><div class=\"services-content\"><div class=\"sc-wraper\"><h3>Deming Prize<\/h3><p>Aiphone \u00e8 la prima e unica azienda di sistemi intercom ad aver vinto il Premio Deming, il pi\u00f9 celebre e rinomato riconoscimento internazionale per il controllo della qualit\u00e0. Istituito in onore di Dr. W. Edwards Deming, il riconoscimento premia le imprese che applicano e mantengono elevati standard di qualit\u00e0 nella produzione.<\/p><\/div><\/div><\/div><div class=\"services-box col nomargin\"><div class=\"img-container\"><img decoding=\"async\" src=\"http:\/\/www.aiphone.it\/wp-content\/uploads\/2017\/03\/premio-ifdesign-1-130x130.jpg\" alt=\"iF Product Design Award\"\/><\/div><div class=\"services-content\"><div class=\"sc-wraper\"><h3>iF Product Design Award<\/h3><p>Nel 2014, Aiphone ha ricevuto l\u2019 iF Product design award per il videocitofono Jo, il pi\u00f9 importante premio internazionale di design. <\/p><\/div><\/div><\/div><div class=\"clear\"><\/div><\/div>\n","protected":false},"excerpt":{"rendered":"<p>L\u2019affidabilit\u00e0 di Aiphone \u00e8 garantita da importanti riconoscimenti internazionali assegnati nel corso degli anni all\u2019azienda per gli elevati standard qualitativi [&hellip;]<\/p>\n","protected":false},"author":59,"featured_media":0,"parent":0,"menu_order":0,"comment_status":"open","ping_status":"closed","template":"template-full-custom.php","meta":{"footnotes":""},"class_list":["post-189","page","type-page","status-publish","hentry"],"yoast_head":"<!-- This site is optimized with the Yoast SEO plugin v24.0 - https:\/\/yoast.com\/wordpress\/plugins\/seo\/ -->\n<title>Premi e certificazioni - Aiphone | Videocitofono 2 fili<\/title>\n<meta name=\"description\" content=\"L\u2019affidabilit\u00e0 di Aiphone \u00e8 garantita da importanti riconoscimenti internazionali assegnati nel corso degli anni all\u2019azienda.\" \/>\n<meta name=\"robots\" content=\"index, follow, max-snippet:-1, max-image-preview:large, max-video-preview:-1\" \/>\n<link rel=\"canonical\" href=\"https:\/\/www.aiphone.it\/aiphone-jo\/premi-e-certificazioni\/\" \/>\n<meta property=\"og:locale\" content=\"it_IT\" \/>\n<meta property=\"og:type\" content=\"article\" \/>\n<meta property=\"og:title\" content=\"Premi e certificazioni - Aiphone | Videocitofono 2 fili\" \/>\n<meta property=\"og:description\" content=\"L\u2019affidabilit\u00e0 di Aiphone \u00e8 garantita da importanti riconoscimenti internazionali assegnati nel corso degli anni all\u2019azienda.\" \/>\n<meta property=\"og:url\" content=\"https:\/\/www.aiphone.it\/aiphone-jo\/premi-e-certificazioni\/\" \/>\n<meta property=\"og:site_name\" content=\"Aiphone | Videocitofono 2 fili\" \/>\n<meta property=\"article:publisher\" content=\"https:\/\/www.facebook.com\/aiphone.it\/\" \/>\n<meta property=\"article:modified_time\" content=\"2017-05-16T10:23:35+00:00\" \/>\n<meta name=\"twitter:card\" content=\"summary_large_image\" \/>\n<meta name=\"twitter:label1\" content=\"Tempo di lettura stimato\" \/>\n\t<meta name=\"twitter:data1\" content=\"1 minuto\" \/>\n<script type=\"application\/ld+json\" class=\"yoast-schema-graph\">{\"@context\":\"https:\/\/schema.org\",\"@graph\":[{\"@type\":\"WebPage\",\"@id\":\"https:\/\/www.aiphone.it\/aiphone-jo\/premi-e-certificazioni\/\",\"url\":\"https:\/\/www.aiphone.it\/aiphone-jo\/premi-e-certificazioni\/\",\"name\":\"Premi e certificazioni - Aiphone | Videocitofono 2 fili\",\"isPartOf\":{\"@id\":\"https:\/\/www.aiphone.it\/aiphone-jo\/#website\"},\"datePublished\":\"2014-05-21T04:05:45+00:00\",\"dateModified\":\"2017-05-16T10:23:35+00:00\",\"description\":\"L\u2019affidabilit\u00e0 di Aiphone \u00e8 garantita da importanti riconoscimenti internazionali assegnati nel corso degli anni all\u2019azienda.\",\"breadcrumb\":{\"@id\":\"https:\/\/www.aiphone.it\/aiphone-jo\/premi-e-certificazioni\/#breadcrumb\"},\"inLanguage\":\"it-IT\",\"potentialAction\":[{\"@type\":\"ReadAction\",\"target\":[\"https:\/\/www.aiphone.it\/aiphone-jo\/premi-e-certificazioni\/\"]}]},{\"@type\":\"BreadcrumbList\",\"@id\":\"https:\/\/www.aiphone.it\/aiphone-jo\/premi-e-certificazioni\/#breadcrumb\",\"itemListElement\":[{\"@type\":\"ListItem\",\"position\":1,\"name\":\"Home\",\"item\":\"https:\/\/www.aiphone.it\/aiphone-jo\/\"},{\"@type\":\"ListItem\",\"position\":2,\"name\":\"Premi e certificazioni\"}]},{\"@type\":\"WebSite\",\"@id\":\"https:\/\/www.aiphone.it\/aiphone-jo\/#website\",\"url\":\"https:\/\/www.aiphone.it\/aiphone-jo\/\",\"name\":\"Aiphone | Videocitofono 2 fili\",\"description\":\"Videocitofono 2 fili\",\"publisher\":{\"@id\":\"https:\/\/www.aiphone.it\/aiphone-jo\/#organization\"},\"potentialAction\":[{\"@type\":\"SearchAction\",\"target\":{\"@type\":\"EntryPoint\",\"urlTemplate\":\"https:\/\/www.aiphone.it\/aiphone-jo\/?s={search_term_string}\"},\"query-input\":{\"@type\":\"PropertyValueSpecification\",\"valueRequired\":true,\"valueName\":\"search_term_string\"}}],\"inLanguage\":\"it-IT\"},{\"@type\":\"Organization\",\"@id\":\"https:\/\/www.aiphone.it\/aiphone-jo\/#organization\",\"name\":\"Aiphone\",\"url\":\"https:\/\/www.aiphone.it\/aiphone-jo\/\",\"logo\":{\"@type\":\"ImageObject\",\"inLanguage\":\"it-IT\",\"@id\":\"https:\/\/www.aiphone.it\/aiphone-jo\/#\/schema\/logo\/image\/\",\"url\":\"https:\/\/www.aiphone.it\/wp-content\/uploads\/2017\/02\/logo-aiphone.png\",\"contentUrl\":\"https:\/\/www.aiphone.it\/wp-content\/uploads\/2017\/02\/logo-aiphone.png\",\"width\":300,\"height\":43,\"caption\":\"Aiphone\"},\"image\":{\"@id\":\"https:\/\/www.aiphone.it\/aiphone-jo\/#\/schema\/logo\/image\/\"},\"sameAs\":[\"https:\/\/www.facebook.com\/aiphone.it\/\",\"https:\/\/www.youtube.com\/channel\/UCV96fMpkPzNZFc1Jnf-0bXg\"]}]}<\/script>\n<!-- \/ Yoast SEO plugin. -->","yoast_head_json":{"title":"Premi e certificazioni - Aiphone | Videocitofono 2 fili","description":"L\u2019affidabilit\u00e0 di Aiphone \u00e8 garantita da importanti riconoscimenti internazionali assegnati nel corso degli anni all\u2019azienda.","robots":{"index":"index","follow":"follow","max-snippet":"max-snippet:-1","max-image-preview":"max-image-preview:large","max-video-preview":"max-video-preview:-1"},"canonical":"https:\/\/www.aiphone.it\/aiphone-jo\/premi-e-certificazioni\/","og_locale":"it_IT","og_type":"article","og_title":"Premi e certificazioni - Aiphone | Videocitofono 2 fili","og_description":"L\u2019affidabilit\u00e0 di Aiphone \u00e8 garantita da importanti riconoscimenti internazionali assegnati nel corso degli anni all\u2019azienda.","og_url":"https:\/\/www.aiphone.it\/aiphone-jo\/premi-e-certificazioni\/","og_site_name":"Aiphone | Videocitofono 2 fili","article_publisher":"https:\/\/www.facebook.com\/aiphone.it\/","article_modified_time":"2017-05-16T10:23:35+00:00","twitter_card":"summary_large_image","twitter_misc":{"Tempo di lettura stimato":"1 minuto"},"schema":{"@context":"https:\/\/schema.org","@graph":[{"@type":"WebPage","@id":"https:\/\/www.aiphone.it\/aiphone-jo\/premi-e-certificazioni\/","url":"https:\/\/www.aiphone.it\/aiphone-jo\/premi-e-certificazioni\/","name":"Premi e certificazioni - Aiphone | Videocitofono 2 fili","isPartOf":{"@id":"https:\/\/www.aiphone.it\/aiphone-jo\/#website"},"datePublished":"2014-05-21T04:05:45+00:00","dateModified":"2017-05-16T10:23:35+00:00","description":"L\u2019affidabilit\u00e0 di Aiphone \u00e8 garantita da importanti riconoscimenti internazionali assegnati nel corso degli anni all\u2019azienda.","breadcrumb":{"@id":"https:\/\/www.aiphone.it\/aiphone-jo\/premi-e-certificazioni\/#breadcrumb"},"inLanguage":"it-IT","potentialAction":[{"@type":"ReadAction","target":["https:\/\/www.aiphone.it\/aiphone-jo\/premi-e-certificazioni\/"]}]},{"@type":"BreadcrumbList","@id":"https:\/\/www.aiphone.it\/aiphone-jo\/premi-e-certificazioni\/#breadcrumb","itemListElement":[{"@type":"ListItem","position":1,"name":"Home","item":"https:\/\/www.aiphone.it\/aiphone-jo\/"},{"@type":"ListItem","position":2,"name":"Premi e certificazioni"}]},{"@type":"WebSite","@id":"https:\/\/www.aiphone.it\/aiphone-jo\/#website","url":"https:\/\/www.aiphone.it\/aiphone-jo\/","name":"Aiphone | Videocitofono 2 fili","description":"Videocitofono 2 fili","publisher":{"@id":"https:\/\/www.aiphone.it\/aiphone-jo\/#organization"},"potentialAction":[{"@type":"SearchAction","target":{"@type":"EntryPoint","urlTemplate":"https:\/\/www.aiphone.it\/aiphone-jo\/?s={search_term_string}"},"query-input":{"@type":"PropertyValueSpecification","valueRequired":true,"valueName":"search_term_string"}}],"inLanguage":"it-IT"},{"@type":"Organization","@id":"https:\/\/www.aiphone.it\/aiphone-jo\/#organization","name":"Aiphone","url":"https:\/\/www.aiphone.it\/aiphone-jo\/","logo":{"@type":"ImageObject","inLanguage":"it-IT","@id":"https:\/\/www.aiphone.it\/aiphone-jo\/#\/schema\/logo\/image\/","url":"https:\/\/www.aiphone.it\/wp-content\/uploads\/2017\/02\/logo-aiphone.png","contentUrl":"https:\/\/www.aiphone.it\/wp-content\/uploads\/2017\/02\/logo-aiphone.png","width":300,"height":43,"caption":"Aiphone"},"image":{"@id":"https:\/\/www.aiphone.it\/aiphone-jo\/#\/schema\/logo\/image\/"},"sameAs":["https:\/\/www.facebook.com\/aiphone.it\/","https:\/\/www.youtube.com\/channel\/UCV96fMpkPzNZFc1Jnf-0bXg"]}]}},"_links":{"self":[{"href":"https:\/\/www.aiphone.it\/aiphone-jo\/wp-json\/wp\/v2\/pages\/189","targetHints":{"allow":["GET"]}}],"collection":[{"href":"https:\/\/www.aiphone.it\/aiphone-jo\/wp-json\/wp\/v2\/pages"}],"about":[{"href":"https:\/\/www.aiphone.it\/aiphone-jo\/wp-json\/wp\/v2\/types\/page"}],"author":[{"embeddable":true,"href":"https:\/\/www.aiphone.it\/aiphone-jo\/wp-json\/wp\/v2\/users\/59"}],"replies":[{"embeddable":true,"href":"https:\/\/www.aiphone.it\/aiphone-jo\/wp-json\/wp\/v2\/comments?post=189"}],"version-history":[{"count":24,"href":"https:\/\/www.aiphone.it\/aiphone-jo\/wp-json\/wp\/v2\/pages\/189\/revisions"}],"predecessor-version":[{"id":2997,"href":"https:\/\/www.aiphone.it\/aiphone-jo\/wp-json\/wp\/v2\/pages\/189\/revisions\/2997"}],"wp:attachment":[{"href":"https:\/\/www.aiphone.it\/aiphone-jo\/wp-json\/wp\/v2\/media?parent=189"}],"curies":[{"name":"wp","href":"https:\/\/api.w.org\/{rel}","templated":true}]}}