{"id":3014,"date":"2017-03-12T11:26:25","date_gmt":"2017-03-12T10:26:25","guid":{"rendered":"http:\/\/new.aiphone.it\/?page_id=3014"},"modified":"2017-05-11T15:09:32","modified_gmt":"2017-05-11T13:09:32","slug":"garanzia-5-anni","status":"publish","type":"page","link":"https:\/\/www.aiphone.it\/aiphone-jo\/garanzia-5-anni\/","title":{"rendered":"Garanzia 5 anni"},"content":{"rendered":"<h3 style=\"text-align: justify;\"><span style=\"font-weight: 400;\">Sicurezza vuol dire anche affidabilit\u00e0: ogni sistema Aiphone \u00e8 testato per un funzionamento perfetto nel tempo e garantito per 5 anni. Scegliere Aiphone significa poter contare su design all\u2019avanguardia, hardware e circuiteria di altissima qualit\u00e0, materiali resistenti e durevoli nel tempo.<\/span><\/h3>\n<p>&nbsp;<\/p>\n<hr \/>\n<p>&nbsp;<\/p>\n<ol>\n<li style=\"font-weight: 400;\"><span style=\"font-weight: 400;\">Schneider garantisce che i prodotti sono privi di difetti nei materiali o nella lavorazione, in condizioni di utilizzo normali e per un periodo di 5 anni dalla consegna all\u2019utente finale (data attivazione garanzia).<\/span><\/li>\n<li style=\"font-weight: 400;\"><span style=\"font-weight: 400;\">L\u2019acquisto deve essere provato da un documento fiscalmente valido (fattura) rilasciato dal rivenditore Schneider che identifichi il prodotto acquistato e la data di acquisto e\/o consegna dello stesso. <\/span><\/li>\n<li style=\"font-weight: 400;\"><span style=\"font-weight: 400;\">Aiphone eseguir\u00e0 la riparazione o la sostituzione gratuita del prodotto qualora tale prodotto risulti difettoso e la garanzia sia applicabile al difetto rilevato. <\/span><\/li>\n<li style=\"font-weight: 400;\"><span style=\"font-weight: 400;\">La presente garanzia non \u00e8 applicabile ad alcun prodotto Aiphone che sia stato sottoposto ad uso improprio, negligenza, incidente, sovracorrente o che sia stato utilizzato in violazione alle istruzioni fornite, n\u00e9 pu\u00f2 essere estesa alle unit\u00e0 che sono state riparate o manomesse al di fuori della fabbrica. <\/span><\/li>\n<li style=\"font-weight: 400;\"><span style=\"font-weight: 400;\">Questa garanzia non copre le batterie n\u00e9 i danni causati dalle batterie usate in connessione con l\u2019unit\u00e0. <\/span><\/li>\n<li style=\"font-weight: 400;\"><span style=\"font-weight: 400;\">Questa garanzia \u00e8 limitata alle specifiche standard elencate nel manuale d\u2019uso.<\/span><\/li>\n<li style=\"font-weight: 400;\"><span style=\"font-weight: 400;\"> Questa garanzia non copre le funzioni supplementari di prodotti di altre aziende aggiunti dagli utenti o dai fornitori. Eventuali danni o altri problemi causati da problemi di funzionamento o interconnessione con prodotti Aiphone non sono coperti da questa garanzia. <\/span><\/li>\n<li style=\"font-weight: 400;\"><span style=\"font-weight: 400;\">Schneider non potr\u00e0 essere ritenuta responsabile di eventuali costi sostenuti in caso di chiamata per l\u2019assistenza sul posto. <\/span><\/li>\n<li style=\"font-weight: 400;\"><span style=\"font-weight: 400;\">Schneider non offrir\u00e0 alcun compenso per gli eventuali danni o perdite subiti a causa della rottura o del guasto dei suoi prodotti durante l\u2019uso, o per qualsiasi disagio o perdita conseguente che si dovesse verificare. <\/span><\/li>\n<\/ol>\n","protected":false},"excerpt":{"rendered":"<p>Sicurezza vuol dire anche affidabilit\u00e0: ogni sistema Aiphone \u00e8 testato per un funzionamento perfetto nel tempo e garantito per 5 [&hellip;]<\/p>\n","protected":false},"author":59,"featured_media":0,"parent":0,"menu_order":0,"comment_status":"closed","ping_status":"closed","template":"","meta":{"footnotes":""},"class_list":["post-3014","page","type-page","status-publish","hentry"],"yoast_head":"<!-- This site is optimized with the Yoast SEO plugin v24.0 - https:\/\/yoast.com\/wordpress\/plugins\/seo\/ -->\n<title>Garanzia 5 anni - Aiphone | Videocitofono 2 fili<\/title>\n<meta name=\"description\" content=\"Sicurezza vuol dire anche affidabilit\u00e0: ogni sistema Aiphone \u00e8 testato per un funzionamento perfetto nel tempo e garantito per 5 anni.\" \/>\n<meta name=\"robots\" content=\"index, follow, max-snippet:-1, max-image-preview:large, max-video-preview:-1\" \/>\n<link rel=\"canonical\" href=\"https:\/\/www.aiphone.it\/aiphone-jo\/garanzia-5-anni\/\" \/>\n<meta property=\"og:locale\" content=\"it_IT\" \/>\n<meta property=\"og:type\" content=\"article\" \/>\n<meta property=\"og:title\" content=\"Garanzia 5 anni - Aiphone | Videocitofono 2 fili\" \/>\n<meta property=\"og:description\" content=\"Sicurezza vuol dire anche affidabilit\u00e0: ogni sistema Aiphone \u00e8 testato per un funzionamento perfetto nel tempo e garantito per 5 anni.\" \/>\n<meta property=\"og:url\" content=\"https:\/\/www.aiphone.it\/aiphone-jo\/garanzia-5-anni\/\" \/>\n<meta property=\"og:site_name\" content=\"Aiphone | Videocitofono 2 fili\" \/>\n<meta property=\"article:publisher\" content=\"https:\/\/www.facebook.com\/aiphone.it\/\" \/>\n<meta property=\"article:modified_time\" content=\"2017-05-11T13:09:32+00:00\" \/>\n<meta name=\"twitter:card\" content=\"summary_large_image\" \/>\n<meta name=\"twitter:label1\" content=\"Tempo di lettura stimato\" \/>\n\t<meta name=\"twitter:data1\" content=\"1 minuto\" \/>\n<script type=\"application\/ld+json\" class=\"yoast-schema-graph\">{\"@context\":\"https:\/\/schema.org\",\"@graph\":[{\"@type\":\"WebPage\",\"@id\":\"https:\/\/www.aiphone.it\/aiphone-jo\/garanzia-5-anni\/\",\"url\":\"https:\/\/www.aiphone.it\/aiphone-jo\/garanzia-5-anni\/\",\"name\":\"Garanzia 5 anni - Aiphone | Videocitofono 2 fili\",\"isPartOf\":{\"@id\":\"https:\/\/www.aiphone.it\/aiphone-jo\/#website\"},\"datePublished\":\"2017-03-12T10:26:25+00:00\",\"dateModified\":\"2017-05-11T13:09:32+00:00\",\"description\":\"Sicurezza vuol dire anche affidabilit\u00e0: ogni sistema Aiphone \u00e8 testato per un funzionamento perfetto nel tempo e garantito per 5 anni.\",\"breadcrumb\":{\"@id\":\"https:\/\/www.aiphone.it\/aiphone-jo\/garanzia-5-anni\/#breadcrumb\"},\"inLanguage\":\"it-IT\",\"potentialAction\":[{\"@type\":\"ReadAction\",\"target\":[\"https:\/\/www.aiphone.it\/aiphone-jo\/garanzia-5-anni\/\"]}]},{\"@type\":\"BreadcrumbList\",\"@id\":\"https:\/\/www.aiphone.it\/aiphone-jo\/garanzia-5-anni\/#breadcrumb\",\"itemListElement\":[{\"@type\":\"ListItem\",\"position\":1,\"name\":\"Home\",\"item\":\"https:\/\/www.aiphone.it\/aiphone-jo\/\"},{\"@type\":\"ListItem\",\"position\":2,\"name\":\"Garanzia 5 anni\"}]},{\"@type\":\"WebSite\",\"@id\":\"https:\/\/www.aiphone.it\/aiphone-jo\/#website\",\"url\":\"https:\/\/www.aiphone.it\/aiphone-jo\/\",\"name\":\"Aiphone | Videocitofono 2 fili\",\"description\":\"Videocitofono 2 fili\",\"publisher\":{\"@id\":\"https:\/\/www.aiphone.it\/aiphone-jo\/#organization\"},\"potentialAction\":[{\"@type\":\"SearchAction\",\"target\":{\"@type\":\"EntryPoint\",\"urlTemplate\":\"https:\/\/www.aiphone.it\/aiphone-jo\/?s={search_term_string}\"},\"query-input\":{\"@type\":\"PropertyValueSpecification\",\"valueRequired\":true,\"valueName\":\"search_term_string\"}}],\"inLanguage\":\"it-IT\"},{\"@type\":\"Organization\",\"@id\":\"https:\/\/www.aiphone.it\/aiphone-jo\/#organization\",\"name\":\"Aiphone\",\"url\":\"https:\/\/www.aiphone.it\/aiphone-jo\/\",\"logo\":{\"@type\":\"ImageObject\",\"inLanguage\":\"it-IT\",\"@id\":\"https:\/\/www.aiphone.it\/aiphone-jo\/#\/schema\/logo\/image\/\",\"url\":\"https:\/\/www.aiphone.it\/wp-content\/uploads\/2017\/02\/logo-aiphone.png\",\"contentUrl\":\"https:\/\/www.aiphone.it\/wp-content\/uploads\/2017\/02\/logo-aiphone.png\",\"width\":300,\"height\":43,\"caption\":\"Aiphone\"},\"image\":{\"@id\":\"https:\/\/www.aiphone.it\/aiphone-jo\/#\/schema\/logo\/image\/\"},\"sameAs\":[\"https:\/\/www.facebook.com\/aiphone.it\/\",\"https:\/\/www.youtube.com\/channel\/UCV96fMpkPzNZFc1Jnf-0bXg\"]}]}<\/script>\n<!-- \/ Yoast SEO plugin. -->","yoast_head_json":{"title":"Garanzia 5 anni - Aiphone | Videocitofono 2 fili","description":"Sicurezza vuol dire anche affidabilit\u00e0: ogni sistema Aiphone \u00e8 testato per un funzionamento perfetto nel tempo e garantito per 5 anni.","robots":{"index":"index","follow":"follow","max-snippet":"max-snippet:-1","max-image-preview":"max-image-preview:large","max-video-preview":"max-video-preview:-1"},"canonical":"https:\/\/www.aiphone.it\/aiphone-jo\/garanzia-5-anni\/","og_locale":"it_IT","og_type":"article","og_title":"Garanzia 5 anni - Aiphone | Videocitofono 2 fili","og_description":"Sicurezza vuol dire anche affidabilit\u00e0: ogni sistema Aiphone \u00e8 testato per un funzionamento perfetto nel tempo e garantito per 5 anni.","og_url":"https:\/\/www.aiphone.it\/aiphone-jo\/garanzia-5-anni\/","og_site_name":"Aiphone | Videocitofono 2 fili","article_publisher":"https:\/\/www.facebook.com\/aiphone.it\/","article_modified_time":"2017-05-11T13:09:32+00:00","twitter_card":"summary_large_image","twitter_misc":{"Tempo di lettura stimato":"1 minuto"},"schema":{"@context":"https:\/\/schema.org","@graph":[{"@type":"WebPage","@id":"https:\/\/www.aiphone.it\/aiphone-jo\/garanzia-5-anni\/","url":"https:\/\/www.aiphone.it\/aiphone-jo\/garanzia-5-anni\/","name":"Garanzia 5 anni - Aiphone | Videocitofono 2 fili","isPartOf":{"@id":"https:\/\/www.aiphone.it\/aiphone-jo\/#website"},"datePublished":"2017-03-12T10:26:25+00:00","dateModified":"2017-05-11T13:09:32+00:00","description":"Sicurezza vuol dire anche affidabilit\u00e0: ogni sistema Aiphone \u00e8 testato per un funzionamento perfetto nel tempo e garantito per 5 anni.","breadcrumb":{"@id":"https:\/\/www.aiphone.it\/aiphone-jo\/garanzia-5-anni\/#breadcrumb"},"inLanguage":"it-IT","potentialAction":[{"@type":"ReadAction","target":["https:\/\/www.aiphone.it\/aiphone-jo\/garanzia-5-anni\/"]}]},{"@type":"BreadcrumbList","@id":"https:\/\/www.aiphone.it\/aiphone-jo\/garanzia-5-anni\/#breadcrumb","itemListElement":[{"@type":"ListItem","position":1,"name":"Home","item":"https:\/\/www.aiphone.it\/aiphone-jo\/"},{"@type":"ListItem","position":2,"name":"Garanzia 5 anni"}]},{"@type":"WebSite","@id":"https:\/\/www.aiphone.it\/aiphone-jo\/#website","url":"https:\/\/www.aiphone.it\/aiphone-jo\/","name":"Aiphone | Videocitofono 2 fili","description":"Videocitofono 2 fili","publisher":{"@id":"https:\/\/www.aiphone.it\/aiphone-jo\/#organization"},"potentialAction":[{"@type":"SearchAction","target":{"@type":"EntryPoint","urlTemplate":"https:\/\/www.aiphone.it\/aiphone-jo\/?s={search_term_string}"},"query-input":{"@type":"PropertyValueSpecification","valueRequired":true,"valueName":"search_term_string"}}],"inLanguage":"it-IT"},{"@type":"Organization","@id":"https:\/\/www.aiphone.it\/aiphone-jo\/#organization","name":"Aiphone","url":"https:\/\/www.aiphone.it\/aiphone-jo\/","logo":{"@type":"ImageObject","inLanguage":"it-IT","@id":"https:\/\/www.aiphone.it\/aiphone-jo\/#\/schema\/logo\/image\/","url":"https:\/\/www.aiphone.it\/wp-content\/uploads\/2017\/02\/logo-aiphone.png","contentUrl":"https:\/\/www.aiphone.it\/wp-content\/uploads\/2017\/02\/logo-aiphone.png","width":300,"height":43,"caption":"Aiphone"},"image":{"@id":"https:\/\/www.aiphone.it\/aiphone-jo\/#\/schema\/logo\/image\/"},"sameAs":["https:\/\/www.facebook.com\/aiphone.it\/","https:\/\/www.youtube.com\/channel\/UCV96fMpkPzNZFc1Jnf-0bXg"]}]}},"_links":{"self":[{"href":"https:\/\/www.aiphone.it\/aiphone-jo\/wp-json\/wp\/v2\/pages\/3014","targetHints":{"allow":["GET"]}}],"collection":[{"href":"https:\/\/www.aiphone.it\/aiphone-jo\/wp-json\/wp\/v2\/pages"}],"about":[{"href":"https:\/\/www.aiphone.it\/aiphone-jo\/wp-json\/wp\/v2\/types\/page"}],"author":[{"embeddable":true,"href":"https:\/\/www.aiphone.it\/aiphone-jo\/wp-json\/wp\/v2\/users\/59"}],"replies":[{"embeddable":true,"href":"https:\/\/www.aiphone.it\/aiphone-jo\/wp-json\/wp\/v2\/comments?post=3014"}],"version-history":[{"count":33,"href":"https:\/\/www.aiphone.it\/aiphone-jo\/wp-json\/wp\/v2\/pages\/3014\/revisions"}],"predecessor-version":[{"id":3224,"href":"https:\/\/www.aiphone.it\/aiphone-jo\/wp-json\/wp\/v2\/pages\/3014\/revisions\/3224"}],"wp:attachment":[{"href":"https:\/\/www.aiphone.it\/aiphone-jo\/wp-json\/wp\/v2\/media?parent=3014"}],"curies":[{"name":"wp","href":"https:\/\/api.w.org\/{rel}","templated":true}]}}