{"id":3070,"date":"2017-03-12T16:26:52","date_gmt":"2017-03-12T15:26:52","guid":{"rendered":"http:\/\/new.aiphone.it\/?page_id=3070"},"modified":"2017-05-11T15:18:11","modified_gmt":"2017-05-11T13:18:11","slug":"spedizioni","status":"publish","type":"page","link":"https:\/\/www.aiphone.it\/aiphone-jo\/spedizioni\/","title":{"rendered":"Spedizioni e resi"},"content":{"rendered":"<h3 style=\"text-align: justify;\">SPEDIZIONE<\/h3>\n<h5 style=\"text-align: justify;\">DOVE E QUANDO SPEDIAMO:<\/h5>\n<p style=\"text-align: justify;\">I Prodotti ordinati su www.aiphone.it saranno spediti negli stati presenti nella lista sottostante.<\/p>\n<ul style=\"text-align: justify;\">\n<li>Italia<\/li>\n<li>San Marino<\/li>\n<li>Citt\u00e0 del Vaticano<\/li>\n<\/ul>\n<p style=\"text-align: justify;\">Puoi richiedere che la spedizione venga effettuata ad un indirizzo diverso dal tuo indirizzo personale o dall&#8217;indirizzo di fatturazione, selezionando la relativa opzione durante l&#8217;acquisto, a condizione che l&#8217;indirizzo fornito si trovi nel Paese di spedizione sopra indicato. La spedizione sar\u00e0 effettuata tramite corriere in orario d&#8217;ufficio, dal luned\u00ec al venerd\u00ec. Consegna in 2 giorni lavorativi (salvo disponibilit\u00e0 a magazzino). Si recapitano prodotti presso caselle postali e fermo posta in tutti gli uffici postali abilitati.<\/p>\n<p style=\"text-align: justify;\">Tieni per favore in considerazione che:<\/p>\n<ul style=\"text-align: justify;\">\n<li>I tempi di consegna sono riportati a titolo meramente indicativo, e non prendono in considerazione i possibili ritardi derivanti dalla procedura di autorizzazione del pagamento.<\/li>\n<li>Gli ordini saranno elaborati in conformit\u00e0 con i Termini e Condizioni di Vendita. Non possiamo modificare la destinazione degli ordini una volta che i prodotti sono stati spediti.<\/li>\n<\/ul>\n<h5 style=\"text-align: justify;\">SPESE DI SPEDIZIONE:<\/h5>\n<p style=\"text-align: justify;\">Le spese di spedizione sono calcolate in base al valore del tuo ordine, al tipo di consegna e alla destinazione. Questi verranno definiti alla conclusione di un ordine.<\/p>\n<h5 style=\"text-align: justify;\">TASSE ED IMPOSTE:<\/h5>\n<p style=\"text-align: justify;\">Tasse e imposte sono calcolate in base al tuo indirizzo di consegna e specificate nella pagina finale di verifica della conferma d&#8217;ordine. Le spese di spedizione per gli ordini spediti in Italia includono l&#8217;IVA e comprendono tutti i costi relativi alla consegna dell&#8217;Ordine presso l&#8217;indirizzo indicato.<\/p>\n<h5 style=\"text-align: justify;\">STATO DELLA SPEDIZIONE:<\/h5>\n<p style=\"text-align: justify;\">Puoi tenere traccia della spedizione dei tuoi Prodotti cliccando sull\u2019apposito link nell&#8217;e-mail di Conferma di Spedizione. Ti ricordiamo che tramite il link accederai direttamente al sito web del corriere sul quale non abbiamo alcun controllo.<\/p>\n<h5 style=\"text-align: justify;\">TRATTAMENTO DEI DATI PERSONALI:<\/h5>\n<p style=\"text-align: justify;\">Relativamente al trattamento dei tuoi dati personali quando effettui un ordine, fai per favore riferimento alla nostra privacy policy.<\/p>\n<h3 style=\"text-align: justify;\">RESO E RIMBORSO<\/h3>\n<h5 style=\"text-align: justify;\">LE NOSTRE POLITICHE DI RIMBORSO E DI CAMBIO<\/h5>\n<p style=\"text-align: justify;\">Questa sezione descrive come vengono calcolati i rimborsi e spiega le nostre procedure di rimborso. Le nostre procedure di rimborso non influiscono sui tuoi diritti.<\/p>\n<p style=\"text-align: justify;\">Note sul rimborso:<\/p>\n<p style=\"text-align: justify;\">Il rimborso viene effettuato accreditando l&#8217;importo sulla stessa modalit\u00e0 di pagamento che hai scelto per l&#8217;acquisto. Eventuali variazioni del metodo di accredito verranno preventivamente comunicate.<\/p>\n<h5 style=\"text-align: justify;\">QUANDO POSSO OTTENERE IL RIMBORSO?<\/h5>\n<p style=\"text-align: justify;\">Articoli resi perch\u00e9 errati, danneggiati o difettosi.<br \/>\nSe restituisci un articolo a causa di un nostro errore o perch\u00e9 l&#8217;articolo \u00e8 danneggiato, difettoso o non \u00e8 quello che avevi ordinato, e non \u00e8 stato possibile procedere alla riparazione o alla sostituzione, ti verr\u00e0 rimborsato il prezzo dell&#8217;articolo.<\/p>\n<p style=\"text-align: justify;\">Schneider controller\u00e0 tutti gli articoli che sono stati restituiti poich\u00e9 danneggiati o difettosi. Nel caso in cui non venga riscontrato alcun difetto, ci riserviamo il diritto di addebitarti le spese di spedizione e le eventuali altre spese sostenute.<\/p>\n<p style=\"text-align: justify;\">Articoli resi entro 30 giorni:<br \/>\nPuoi restituire i prodotti acquistati su www.aiphone.it fino a 30 giorni di calendario dalla data di avvenuta consegna degli stessi. In questo caso ti rimborseremo il prezzo dell&#8217;articolo. Non ti saranno rimborsati i costi della spedizione sostenuti per ricevere il prodotto o degli altri servizi associati al tuo acquisto. Le spese di restituzione dell&#8217;articolo a www.aiphone.it non verranno rimborsate ma resteranno a tuo carico.<\/p>\n<p style=\"text-align: justify;\">Diritto di recesso entro 10 giorni:<br \/>\nQuando rinunci all&#8217;acquisto entro dieci giorni lavorativi dalla consegna dell&#8217;articolo, ti verranno rimborsati sia il prezzo dell&#8217;articolo che le spese di spedizione da te sostenute per riceverlo.<\/p>\n<p style=\"text-align: justify;\">Al recesso verranno applicate le seguenti linee guida:<\/p>\n<ul style=\"text-align: justify;\">\n<li>Se restituisci un articolo che fa parte di un ordine multiplo, ti verranno rimborsate solo le spese relative al singolo articolo restituito.<\/li>\n<li>Se restituisci un intero ordine, ti verranno rimborsate le spese di spedizione relative all&#8217;intero ordine.<\/li>\n<li>Le spese per la restituzione dell&#8217;articolo ad www.aiphone.it non verranno rimborsate e resteranno a tuo carico.<\/li>\n<\/ul>\n<h5 style=\"text-align: justify;\">QUANDO POSSO OTTENERE LA SOSTITUZIONE DELL&#8217;ARTICOLO?<\/h5>\n<p style=\"text-align: justify;\">Articoli sostituiti perch\u00e9 errati, danneggiati o difettosi.<br \/>\nSe l&#8217;articolo recapitato non corrisponde all&#8217;articolo ordinato su www.aiphone.it a causa di un nostro errore o perch\u00e9 l&#8217;articolo \u00e8 danneggiato, difettoso o non \u00e8 quello che avevi ordinato, invia una segnalazione all&#8217;indirizzo email info@aiphone.it entro 30 giorni dalla consegna dell&#8217;articolo.<\/p>\n<p style=\"text-align: justify;\">Una volta ricevuta la segnalazione, Schneider controller\u00e0 l&#8217;idoneit\u00e0 della vostra richiesta di sostituzione, e successivamente proceder\u00e0 alla eventuale consegna dell&#8217;articolo richiesto.<\/p>\n<p style=\"text-align: justify;\">Schneider potrebbe non accettare la richiesta di sostituzione nel caso si accertasse che l&#8217;articolo si sia danneggiato a causa dell&#8217;imballaggio non adatto nel momento della restituzione da parte del cliente o per assenza di componenti precedentemente presenti nell&#8217;imballo dell&#8217;articolo.<\/p>\n","protected":false},"excerpt":{"rendered":"<p>SPEDIZIONE DOVE E QUANDO SPEDIAMO: I Prodotti ordinati su www.aiphone.it saranno spediti negli stati presenti nella lista sottostante. Italia San [&hellip;]<\/p>\n","protected":false},"author":59,"featured_media":0,"parent":0,"menu_order":0,"comment_status":"closed","ping_status":"closed","template":"","meta":{"footnotes":""},"class_list":["post-3070","page","type-page","status-publish","hentry"],"yoast_head":"<!-- This site is optimized with the Yoast SEO plugin v24.0 - https:\/\/yoast.com\/wordpress\/plugins\/seo\/ -->\n<title>Spedizioni e resi - Aiphone | Videocitofono 2 fili<\/title>\n<meta name=\"description\" content=\"Scopri tutte le informazioni relative alle spedizione e resi dei prodotti Aiphone.\" \/>\n<meta name=\"robots\" content=\"index, follow, max-snippet:-1, max-image-preview:large, max-video-preview:-1\" \/>\n<link rel=\"canonical\" href=\"https:\/\/www.aiphone.it\/aiphone-jo\/spedizioni\/\" \/>\n<meta property=\"og:locale\" content=\"it_IT\" \/>\n<meta property=\"og:type\" content=\"article\" \/>\n<meta property=\"og:title\" content=\"Spedizioni e resi - Aiphone | Videocitofono 2 fili\" \/>\n<meta property=\"og:description\" content=\"Scopri tutte le informazioni relative alle spedizione e resi dei prodotti Aiphone.\" \/>\n<meta property=\"og:url\" content=\"https:\/\/www.aiphone.it\/aiphone-jo\/spedizioni\/\" \/>\n<meta property=\"og:site_name\" content=\"Aiphone | Videocitofono 2 fili\" \/>\n<meta property=\"article:publisher\" content=\"https:\/\/www.facebook.com\/aiphone.it\/\" \/>\n<meta property=\"article:modified_time\" content=\"2017-05-11T13:18:11+00:00\" \/>\n<meta name=\"twitter:card\" content=\"summary_large_image\" \/>\n<meta name=\"twitter:label1\" content=\"Tempo di lettura stimato\" \/>\n\t<meta name=\"twitter:data1\" content=\"4 minuti\" \/>\n<script type=\"application\/ld+json\" class=\"yoast-schema-graph\">{\"@context\":\"https:\/\/schema.org\",\"@graph\":[{\"@type\":\"WebPage\",\"@id\":\"https:\/\/www.aiphone.it\/aiphone-jo\/spedizioni\/\",\"url\":\"https:\/\/www.aiphone.it\/aiphone-jo\/spedizioni\/\",\"name\":\"Spedizioni e resi - Aiphone | Videocitofono 2 fili\",\"isPartOf\":{\"@id\":\"https:\/\/www.aiphone.it\/aiphone-jo\/#website\"},\"datePublished\":\"2017-03-12T15:26:52+00:00\",\"dateModified\":\"2017-05-11T13:18:11+00:00\",\"description\":\"Scopri tutte le informazioni relative alle spedizione e resi dei prodotti Aiphone.\",\"breadcrumb\":{\"@id\":\"https:\/\/www.aiphone.it\/aiphone-jo\/spedizioni\/#breadcrumb\"},\"inLanguage\":\"it-IT\",\"potentialAction\":[{\"@type\":\"ReadAction\",\"target\":[\"https:\/\/www.aiphone.it\/aiphone-jo\/spedizioni\/\"]}]},{\"@type\":\"BreadcrumbList\",\"@id\":\"https:\/\/www.aiphone.it\/aiphone-jo\/spedizioni\/#breadcrumb\",\"itemListElement\":[{\"@type\":\"ListItem\",\"position\":1,\"name\":\"Home\",\"item\":\"https:\/\/www.aiphone.it\/aiphone-jo\/\"},{\"@type\":\"ListItem\",\"position\":2,\"name\":\"Spedizioni e resi\"}]},{\"@type\":\"WebSite\",\"@id\":\"https:\/\/www.aiphone.it\/aiphone-jo\/#website\",\"url\":\"https:\/\/www.aiphone.it\/aiphone-jo\/\",\"name\":\"Aiphone | Videocitofono 2 fili\",\"description\":\"Videocitofono 2 fili\",\"publisher\":{\"@id\":\"https:\/\/www.aiphone.it\/aiphone-jo\/#organization\"},\"potentialAction\":[{\"@type\":\"SearchAction\",\"target\":{\"@type\":\"EntryPoint\",\"urlTemplate\":\"https:\/\/www.aiphone.it\/aiphone-jo\/?s={search_term_string}\"},\"query-input\":{\"@type\":\"PropertyValueSpecification\",\"valueRequired\":true,\"valueName\":\"search_term_string\"}}],\"inLanguage\":\"it-IT\"},{\"@type\":\"Organization\",\"@id\":\"https:\/\/www.aiphone.it\/aiphone-jo\/#organization\",\"name\":\"Aiphone\",\"url\":\"https:\/\/www.aiphone.it\/aiphone-jo\/\",\"logo\":{\"@type\":\"ImageObject\",\"inLanguage\":\"it-IT\",\"@id\":\"https:\/\/www.aiphone.it\/aiphone-jo\/#\/schema\/logo\/image\/\",\"url\":\"https:\/\/www.aiphone.it\/wp-content\/uploads\/2017\/02\/logo-aiphone.png\",\"contentUrl\":\"https:\/\/www.aiphone.it\/wp-content\/uploads\/2017\/02\/logo-aiphone.png\",\"width\":300,\"height\":43,\"caption\":\"Aiphone\"},\"image\":{\"@id\":\"https:\/\/www.aiphone.it\/aiphone-jo\/#\/schema\/logo\/image\/\"},\"sameAs\":[\"https:\/\/www.facebook.com\/aiphone.it\/\",\"https:\/\/www.youtube.com\/channel\/UCV96fMpkPzNZFc1Jnf-0bXg\"]}]}<\/script>\n<!-- \/ Yoast SEO plugin. -->","yoast_head_json":{"title":"Spedizioni e resi - Aiphone | Videocitofono 2 fili","description":"Scopri tutte le informazioni relative alle spedizione e resi dei prodotti Aiphone.","robots":{"index":"index","follow":"follow","max-snippet":"max-snippet:-1","max-image-preview":"max-image-preview:large","max-video-preview":"max-video-preview:-1"},"canonical":"https:\/\/www.aiphone.it\/aiphone-jo\/spedizioni\/","og_locale":"it_IT","og_type":"article","og_title":"Spedizioni e resi - Aiphone | Videocitofono 2 fili","og_description":"Scopri tutte le informazioni relative alle spedizione e resi dei prodotti Aiphone.","og_url":"https:\/\/www.aiphone.it\/aiphone-jo\/spedizioni\/","og_site_name":"Aiphone | Videocitofono 2 fili","article_publisher":"https:\/\/www.facebook.com\/aiphone.it\/","article_modified_time":"2017-05-11T13:18:11+00:00","twitter_card":"summary_large_image","twitter_misc":{"Tempo di lettura stimato":"4 minuti"},"schema":{"@context":"https:\/\/schema.org","@graph":[{"@type":"WebPage","@id":"https:\/\/www.aiphone.it\/aiphone-jo\/spedizioni\/","url":"https:\/\/www.aiphone.it\/aiphone-jo\/spedizioni\/","name":"Spedizioni e resi - Aiphone | Videocitofono 2 fili","isPartOf":{"@id":"https:\/\/www.aiphone.it\/aiphone-jo\/#website"},"datePublished":"2017-03-12T15:26:52+00:00","dateModified":"2017-05-11T13:18:11+00:00","description":"Scopri tutte le informazioni relative alle spedizione e resi dei prodotti Aiphone.","breadcrumb":{"@id":"https:\/\/www.aiphone.it\/aiphone-jo\/spedizioni\/#breadcrumb"},"inLanguage":"it-IT","potentialAction":[{"@type":"ReadAction","target":["https:\/\/www.aiphone.it\/aiphone-jo\/spedizioni\/"]}]},{"@type":"BreadcrumbList","@id":"https:\/\/www.aiphone.it\/aiphone-jo\/spedizioni\/#breadcrumb","itemListElement":[{"@type":"ListItem","position":1,"name":"Home","item":"https:\/\/www.aiphone.it\/aiphone-jo\/"},{"@type":"ListItem","position":2,"name":"Spedizioni e resi"}]},{"@type":"WebSite","@id":"https:\/\/www.aiphone.it\/aiphone-jo\/#website","url":"https:\/\/www.aiphone.it\/aiphone-jo\/","name":"Aiphone | Videocitofono 2 fili","description":"Videocitofono 2 fili","publisher":{"@id":"https:\/\/www.aiphone.it\/aiphone-jo\/#organization"},"potentialAction":[{"@type":"SearchAction","target":{"@type":"EntryPoint","urlTemplate":"https:\/\/www.aiphone.it\/aiphone-jo\/?s={search_term_string}"},"query-input":{"@type":"PropertyValueSpecification","valueRequired":true,"valueName":"search_term_string"}}],"inLanguage":"it-IT"},{"@type":"Organization","@id":"https:\/\/www.aiphone.it\/aiphone-jo\/#organization","name":"Aiphone","url":"https:\/\/www.aiphone.it\/aiphone-jo\/","logo":{"@type":"ImageObject","inLanguage":"it-IT","@id":"https:\/\/www.aiphone.it\/aiphone-jo\/#\/schema\/logo\/image\/","url":"https:\/\/www.aiphone.it\/wp-content\/uploads\/2017\/02\/logo-aiphone.png","contentUrl":"https:\/\/www.aiphone.it\/wp-content\/uploads\/2017\/02\/logo-aiphone.png","width":300,"height":43,"caption":"Aiphone"},"image":{"@id":"https:\/\/www.aiphone.it\/aiphone-jo\/#\/schema\/logo\/image\/"},"sameAs":["https:\/\/www.facebook.com\/aiphone.it\/","https:\/\/www.youtube.com\/channel\/UCV96fMpkPzNZFc1Jnf-0bXg"]}]}},"_links":{"self":[{"href":"https:\/\/www.aiphone.it\/aiphone-jo\/wp-json\/wp\/v2\/pages\/3070","targetHints":{"allow":["GET"]}}],"collection":[{"href":"https:\/\/www.aiphone.it\/aiphone-jo\/wp-json\/wp\/v2\/pages"}],"about":[{"href":"https:\/\/www.aiphone.it\/aiphone-jo\/wp-json\/wp\/v2\/types\/page"}],"author":[{"embeddable":true,"href":"https:\/\/www.aiphone.it\/aiphone-jo\/wp-json\/wp\/v2\/users\/59"}],"replies":[{"embeddable":true,"href":"https:\/\/www.aiphone.it\/aiphone-jo\/wp-json\/wp\/v2\/comments?post=3070"}],"version-history":[{"count":4,"href":"https:\/\/www.aiphone.it\/aiphone-jo\/wp-json\/wp\/v2\/pages\/3070\/revisions"}],"predecessor-version":[{"id":3177,"href":"https:\/\/www.aiphone.it\/aiphone-jo\/wp-json\/wp\/v2\/pages\/3070\/revisions\/3177"}],"wp:attachment":[{"href":"https:\/\/www.aiphone.it\/aiphone-jo\/wp-json\/wp\/v2\/media?parent=3070"}],"curies":[{"name":"wp","href":"https:\/\/api.w.org\/{rel}","templated":true}]}}